{"id":14,"date":"2013-12-02T14:42:59","date_gmt":"2013-12-02T14:42:59","guid":{"rendered":"http:\/\/www.arctic.umbrella.al\/?page_id=14"},"modified":"2021-07-19T10:52:40","modified_gmt":"2021-07-19T10:52:40","slug":"services","status":"publish","type":"page","link":"https:\/\/studiocan.pt\/pt\/services\/","title":{"rendered":"Servi\u00e7os"},"content":{"rendered":"<p>Projectos de Arquitectura, Engenharia e Urbanismo<br \/>\nDesign de Interiores<br \/>\nDesign de Mobili\u00e1rio<br \/>\nDirec\u00e7\u00e3o de Obra<\/p>\n","protected":false},"excerpt":{"rendered":"<p>Projectos de Arquitectura, Engenharia e Urbanismo Design de Interiores Design de Mobili\u00e1rio Direc\u00e7\u00e3o de Obra<\/p>\n<div class=\"wrap-excerpt-more\"><a class=\"excerpt-more\" href=\"https:\/\/studiocan.pt\/pt\/services\/\">Read more<\/a><\/div>\n","protected":false},"author":1,"featured_media":0,"parent":0,"menu_order":0,"comment_status":"closed","ping_status":"closed","template":"","meta":{"footnotes":""},"class_list":["post-14","page","type-page","status-publish","hentry","post--no-featured-image"],"translation":{"provider":"WPGlobus","version":"3.0.2","language":"pt","enabled_languages":["en","pt"],"languages":{"en":{"title":true,"content":true,"excerpt":false},"pt":{"title":true,"content":true,"excerpt":false}}},"_links":{"self":[{"href":"https:\/\/studiocan.pt\/pt\/wp-json\/wp\/v2\/pages\/14","targetHints":{"allow":["GET"]}}],"collection":[{"href":"https:\/\/studiocan.pt\/pt\/wp-json\/wp\/v2\/pages"}],"about":[{"href":"https:\/\/studiocan.pt\/pt\/wp-json\/wp\/v2\/types\/page"}],"author":[{"embeddable":true,"href":"https:\/\/studiocan.pt\/pt\/wp-json\/wp\/v2\/users\/1"}],"replies":[{"embeddable":true,"href":"https:\/\/studiocan.pt\/pt\/wp-json\/wp\/v2\/comments?post=14"}],"version-history":[{"count":10,"href":"https:\/\/studiocan.pt\/pt\/wp-json\/wp\/v2\/pages\/14\/revisions"}],"predecessor-version":[{"id":1969,"href":"https:\/\/studiocan.pt\/pt\/wp-json\/wp\/v2\/pages\/14\/revisions\/1969"}],"wp:attachment":[{"href":"https:\/\/studiocan.pt\/pt\/wp-json\/wp\/v2\/media?parent=14"}],"curies":[{"name":"wp","href":"https:\/\/api.w.org\/{rel}","templated":true}]}}